{"id":135,"date":"2024-06-26T16:57:56","date_gmt":"2024-06-26T16:57:56","guid":{"rendered":"https:\/\/indimetrics.com\/home\/"},"modified":"2025-04-28T04:58:03","modified_gmt":"2025-04-28T04:58:03","slug":"home","status":"publish","type":"page","link":"https:\/\/indimetrics.com\/es\/","title":{"rendered":"Home"},"content":{"rendered":"<div class=\"wp-block-uagb-container uagb-block-5fe6a32d alignfull uagb-is-root-container\"><div class=\"uagb-container-inner-blocks-wrap\">\n<div class=\"wp-block-uagb-advanced-heading uagb-block-739ef4ec\"><h1 class=\"uagb-heading-text\">Creamos soluciones digitales que hacen crecer tu negocio.<\/h1><\/div>\n\n\n\n<div class=\"wp-block-uagb-advanced-heading uagb-block-98e4bfaf\"><p class=\"uagb-desc-text\">Si busca una agencia que le ayude a crear una presencia notable en Internet, ha llegado al lugar adecuado. Podemos ayudarle a llevar su negocio al siguiente nivel.<\/p><\/div>\n\n\n\n<div class=\"wp-block-uagb-icon-list uagb-block-f7b80507\"><div class=\"uagb-icon-list__wrap\">\n<div class=\"wp-block-uagb-icon-list-child uagb-block-ecc28047\"><a target=\"_self\" aria-label=\"Find out how!\" rel=\"noopener noreferrer\" href=\"#\"> <\/a><span class=\"uagb-icon-list__source-wrap\"><svg xmlns=\"https:\/\/www.w3.org\/2000\/svg\" viewbox=\"0 0 320 512\"><path d=\"M9.375 329.4c12.51-12.51 32.76-12.49 45.25 0L128 402.8V32c0-17.69 14.31-32 32-32s32 14.31 32 32v370.8l73.38-73.38c12.5-12.5 32.75-12.5 45.25 0s12.5 32.75 0 45.25l-128 128c-12.5 12.5-32.75 12.5-45.25 0l-128-128C-3.125 362.1-3.125 341.9 9.375 329.4z\"><\/path><\/svg><\/span><span class=\"uagb-icon-list__label\">Find out how!<\/span><\/div>\n<\/div><\/div>\n<\/div><\/div>\n\n\n\n<div class=\"wp-block-uagb-container uagb-block-9bdda066 alignfull uagb-is-root-container\"><div class=\"uagb-container-inner-blocks-wrap\">\n<div class=\"wp-block-uagb-advanced-heading uagb-block-46591901\"><h2 class=\"uagb-heading-text\">Somos tu aliado en<\/h2><\/div>\n\n\n\n<div class=\"wp-block-uagb-container uagb-layout-grid uagb-block-719b262e alignfull uagb-is-root-container\"><div class=\"uagb-container-inner-blocks-wrap\">\n<div class=\"wp-block-uagb-info-box uagb-block-0a9ff199 uagb-infobox__content-wrap  uagb-infobox-icon-above-title uagb-infobox-image-valign-top wp-block-uagb-info-box--has-margin\"><div class=\"uagb-infobox-margin-wrapper\"><div class=\"uagb-ifb-content\"><div class=\"uagb-ifb-title-wrap\"><h4 class=\"uagb-ifb-title\">Dise\u00f1o<\/h4><\/div><p class=\"uagb-ifb-desc\">Nuestro equipo combina experiencia en consultor\u00eda y dise\u00f1o para crear el sitio web que su empresa necesita.<\/p><\/div><\/div><\/div>\n\n\n\n<div class=\"wp-block-uagb-info-box uagb-block-a50dcc77 uagb-infobox__content-wrap  uagb-infobox-icon-above-title uagb-infobox-image-valign-top\"><div class=\"uagb-ifb-content\"><div class=\"uagb-ifb-title-wrap\"><h4 class=\"uagb-ifb-title\">Desarrollo<\/h4><\/div><p class=\"uagb-ifb-desc\">\u00bfBusca soluciones personalizadas para sus sitios web? Nuestro equipo desarrollar\u00e1 y entregar\u00e1 un sitio web que se adapte a sus necesidades.<\/p><\/div><\/div>\n\n\n\n<div class=\"wp-block-uagb-info-box uagb-block-42fd1048 uagb-infobox__content-wrap  uagb-infobox-icon-above-title uagb-infobox-image-valign-top\"><div class=\"uagb-ifb-content\"><div class=\"uagb-ifb-title-wrap\"><h4 class=\"uagb-ifb-title\">Marketing<\/h4><\/div><p class=\"uagb-ifb-desc\">Con el marketing digital investigado, nos aseguraremos de que los nuevos clientes puedan encontrar su negocio.<\/p><\/div><\/div>\n<\/div><\/div>\n<\/div><\/div>\n\n\n\n<div class=\"wp-block-uagb-container uagb-block-e6bc50fc alignfull uagb-is-root-container\"><div class=\"uagb-container-inner-blocks-wrap\">\n<div class=\"wp-block-uagb-container uagb-block-e4ae5ee7\">\n<div class=\"wp-block-uagb-info-box uagb-block-bda84c5e uagb-infobox__content-wrap  uagb-infobox-icon-above-title uagb-infobox-image-valign-top\"><div class=\"uagb-ifb-content\"><div class=\"uagb-ifb-title-wrap\"><h2 class=\"uagb-ifb-title\">Sobre nosotros<\/h2><\/div><p class=\"uagb-ifb-desc\">Somos un equipo dedicado a la creaci\u00f3n de sitios web eficaces y soluciones de marketing que ayudan a su negocio a crecer en l\u00ednea.<\/p><\/div><\/div>\n\n\n\n<div class=\"wp-block-uagb-info-box uagb-block-9e7312fd uagb-infobox__content-wrap  uagb-infobox-icon-above-title uagb-infobox-image-valign-top\"><div class=\"uagb-ifb-content\"><div class=\"uagb-ifb-title-wrap\"><h4 class=\"uagb-ifb-title\">Misi\u00f3n<\/h4><\/div><p class=\"uagb-ifb-desc\">Nuestra misi\u00f3n es ayudar a nuestros clientes a aprovechar todo el potencial de Internet proporcion\u00e1ndoles soluciones de dise\u00f1o y marketing asequibles, eficaces y personalizadas.<\/p><\/div><\/div>\n\n\n\n<div class=\"wp-block-uagb-info-box uagb-block-9b62e515 uagb-infobox__content-wrap  uagb-infobox-icon-above-title uagb-infobox-image-valign-top\"><div class=\"uagb-ifb-content\"><div class=\"uagb-ifb-title-wrap\"><h4 class=\"uagb-ifb-title\">Visi\u00f3n<\/h4><\/div><p class=\"uagb-ifb-desc\">Nuestra visi\u00f3n es proporcionar servicios eficaces de dise\u00f1o web y marketing que ayuden a mejorar la productividad y la solidez empresarial de nuestros clientes.<\/p><\/div><\/div>\n<\/div>\n\n\n\n<div class=\"wp-block-uagb-container uagb-block-2de3917e\">\n<div class=\"wp-block-uagb-image uagb-block-9fc9987d wp-block-uagb-image--layout-default wp-block-uagb-image--effect-static wp-block-uagb-image--align-none\"><figure class=\"wp-block-uagb-image__figure\"><img decoding=\"async\" srcset=\"https:\/\/indimetrics.com\/wp-content\/uploads\/2021\/05\/about.jpg \" sizes=\"auto, (max-width: 480px) 150px\" src=\"https:\/\/indimetrics.com\/wp-content\/uploads\/2021\/05\/about.jpg\" alt=\"\" class=\"uag-image-47\" width=\"551\" height=\"661\" title=\"\" loading=\"lazy\" role=\"img\"\/><\/figure><\/div>\n<\/div>\n<\/div><\/div>\n\n\n\n<div class=\"wp-block-uagb-container uag-blocks-common-selector uagb-block-ff10cdc8 alignfull uagb-is-root-container\"><div class=\"uagb-container-inner-blocks-wrap\">\n<div class=\"wp-block-uagb-advanced-heading uagb-block-830e6177\"><h2 class=\"uagb-heading-text\">Clientes con los que hemos trabajado<\/h2><\/div>\n\n\n\n<div class=\"wp-block-uagb-container uagb-block-af8294e0 alignfull uagb-is-root-container\"><div class=\"uagb-container-inner-blocks-wrap\">\n<div class=\"wp-block-uagb-image aligncenter uagb-block-d413d0ef wp-block-uagb-image--layout-default wp-block-uagb-image--effect-static wp-block-uagb-image--align-center\"><figure class=\"wp-block-uagb-image__figure\"><img decoding=\"async\" srcset=\"https:\/\/indimetrics.com\/wp-content\/uploads\/2024\/09\/company_logo.png ,https:\/\/indimetrics.com\/wp-content\/uploads\/2024\/09\/company_logo.png 780w, https:\/\/indimetrics.com\/wp-content\/uploads\/2024\/09\/company_logo.png 360w\" sizes=\"auto, (max-width: 480px) 150px\" src=\"https:\/\/indimetrics.com\/wp-content\/uploads\/2024\/09\/company_logo.png\" alt=\"\" class=\"uag-image-804\" width=\"140\" height=\"38\" title=\"company_logo\" loading=\"lazy\" role=\"img\"\/><\/figure><\/div>\n\n\n\n<div class=\"wp-block-uagb-image aligncenter uagb-block-ff095355 wp-block-uagb-image--layout-default wp-block-uagb-image--effect-static wp-block-uagb-image--align-center\"><figure class=\"wp-block-uagb-image__figure\"><img decoding=\"async\" srcset=\"https:\/\/indimetrics.com\/wp-content\/uploads\/2024\/09\/Logo2024-avaltec.png ,https:\/\/indimetrics.com\/wp-content\/uploads\/2024\/09\/Logo2024-avaltec.png 780w, https:\/\/indimetrics.com\/wp-content\/uploads\/2024\/09\/Logo2024-avaltec.png 360w\" sizes=\"auto, (max-width: 480px) 150px\" src=\"https:\/\/indimetrics.com\/wp-content\/uploads\/2024\/09\/Logo2024-avaltec.png\" alt=\"\" class=\"uag-image-805\" width=\"157\" height=\"38\" title=\"Logo2024-avaltec\" loading=\"lazy\" role=\"img\"\/><\/figure><\/div>\n\n\n\n<div class=\"wp-block-uagb-image aligncenter uagb-block-beeb5f67 wp-block-uagb-image--layout-default wp-block-uagb-image--effect-static wp-block-uagb-image--align-center\"><figure class=\"wp-block-uagb-image__figure\"><img decoding=\"async\" srcset=\"https:\/\/indimetrics.com\/wp-content\/uploads\/2024\/09\/Argen-advisors-logo-red.png ,https:\/\/indimetrics.com\/wp-content\/uploads\/2024\/09\/Argen-advisors-logo-red.png 780w, https:\/\/indimetrics.com\/wp-content\/uploads\/2024\/09\/Argen-advisors-logo-red.png 360w\" sizes=\"auto, (max-width: 480px) 150px\" src=\"https:\/\/indimetrics.com\/wp-content\/uploads\/2024\/09\/Argen-advisors-logo-red.png\" alt=\"\" class=\"uag-image-807\" width=\"55\" height=\"51\" title=\"Argen-advisors-logo-red\" loading=\"lazy\" role=\"img\"\/><\/figure><\/div>\n\n\n\n<div class=\"wp-block-uagb-image aligncenter uagb-block-8eb570c0 wp-block-uagb-image--layout-default wp-block-uagb-image--effect-static wp-block-uagb-image--align-center\"><figure class=\"wp-block-uagb-image__figure\"><img decoding=\"async\" srcset=\"https:\/\/indimetrics.com\/wp-content\/uploads\/2024\/09\/Logo-1024x222.png ,https:\/\/indimetrics.com\/wp-content\/uploads\/2024\/09\/Logo.png 780w, https:\/\/indimetrics.com\/wp-content\/uploads\/2024\/09\/Logo.png 360w\" sizes=\"auto, (max-width: 480px) 150px\" src=\"https:\/\/indimetrics.com\/wp-content\/uploads\/2024\/09\/Logo-1024x222.png\" alt=\"\" class=\"uag-image-808\" width=\"238\" height=\"52\" title=\"Logo\" loading=\"lazy\" role=\"img\"\/><\/figure><\/div>\n<\/div><\/div>\n\n\n\n<div class=\"wp-block-uagb-container uagb-block-473f1348 alignfull uagb-is-root-container\"><div class=\"uagb-container-inner-blocks-wrap\">\n<div class=\"wp-block-uagb-image aligncenter uagb-block-19b9fcd2 wp-block-uagb-image--layout-default wp-block-uagb-image--effect-static wp-block-uagb-image--align-center\"><figure class=\"wp-block-uagb-image__figure\"><img decoding=\"async\" srcset=\"https:\/\/indimetrics.com\/wp-content\/uploads\/2025\/04\/whole-high-resolution-logo-transparent-copy-1024x326.png ,https:\/\/indimetrics.com\/wp-content\/uploads\/2025\/04\/whole-high-resolution-logo-transparent-copy.png 780w, https:\/\/indimetrics.com\/wp-content\/uploads\/2025\/04\/whole-high-resolution-logo-transparent-copy.png 360w\" sizes=\"auto, (max-width: 480px) 150px\" src=\"https:\/\/indimetrics.com\/wp-content\/uploads\/2025\/04\/whole-high-resolution-logo-transparent-copy-1024x326.png\" alt=\"\" class=\"uag-image-832\" width=\"137\" height=\"45\" title=\"whole-high-resolution-logo-transparent copy\" loading=\"lazy\" role=\"img\"\/><\/figure><\/div>\n\n\n\n<div class=\"wp-block-uagb-image aligncenter uagb-block-91f559be wp-block-uagb-image--layout-default wp-block-uagb-image--effect-static wp-block-uagb-image--align-center\"><figure class=\"wp-block-uagb-image__figure\"><img decoding=\"async\" srcset=\"https:\/\/indimetrics.com\/wp-content\/uploads\/2025\/04\/Logo-provincia.png ,https:\/\/indimetrics.com\/wp-content\/uploads\/2025\/04\/Logo-provincia.png 780w, https:\/\/indimetrics.com\/wp-content\/uploads\/2025\/04\/Logo-provincia.png 360w\" sizes=\"auto, (max-width: 480px) 150px\" src=\"https:\/\/indimetrics.com\/wp-content\/uploads\/2025\/04\/Logo-provincia.png\" alt=\"\" class=\"uag-image-831\" width=\"144\" height=\"68\" title=\"Logo-provincia\" loading=\"lazy\" role=\"img\"\/><\/figure><\/div>\n\n\n\n<div class=\"wp-block-uagb-image aligncenter uagb-block-c92f80e8 wp-block-uagb-image--layout-default wp-block-uagb-image--effect-static wp-block-uagb-image--align-center\"><figure class=\"wp-block-uagb-image__figure\"><img decoding=\"async\" srcset=\"https:\/\/indimetrics.com\/wp-content\/uploads\/2025\/04\/Psicoendeavor.png ,https:\/\/indimetrics.com\/wp-content\/uploads\/2025\/04\/Psicoendeavor.png 780w, https:\/\/indimetrics.com\/wp-content\/uploads\/2025\/04\/Psicoendeavor.png 360w\" sizes=\"auto, (max-width: 480px) 150px\" src=\"https:\/\/indimetrics.com\/wp-content\/uploads\/2025\/04\/Psicoendeavor.png\" alt=\"\" class=\"uag-image-834\" width=\"124\" height=\"77\" title=\"Psicoendeavor\" loading=\"lazy\" role=\"img\"\/><\/figure><\/div>\n\n\n\n<div class=\"wp-block-uagb-image aligncenter uagb-block-939f4d2d wp-block-uagb-image--layout-default wp-block-uagb-image--effect-static wp-block-uagb-image--align-center\"><figure class=\"wp-block-uagb-image__figure\"><img decoding=\"async\" srcset=\"https:\/\/indimetrics.com\/wp-content\/uploads\/2025\/04\/logo.png ,https:\/\/indimetrics.com\/wp-content\/uploads\/2025\/04\/logo.png 780w, https:\/\/indimetrics.com\/wp-content\/uploads\/2025\/04\/logo.png 360w\" sizes=\"auto, (max-width: 480px) 150px\" src=\"https:\/\/indimetrics.com\/wp-content\/uploads\/2025\/04\/logo.png\" alt=\"\" class=\"uag-image-849\" width=\"202\" height=\"77\" title=\"logo\" loading=\"lazy\" role=\"img\"\/><\/figure><\/div>\n<\/div><\/div>\n\n\n\n<div class=\"wp-block-uagb-info-box uagb-block-33eb255a uagb-infobox__content-wrap  uagb-infobox-icon-above-title uagb-infobox-image-valign-top\"><div class=\"uagb-ifb-content\"><div class=\"uagb-ifb-title-wrap\"><h2 class=\"uagb-ifb-title-prefix\">\u00bfPor qu\u00e9 elegirnos?<\/h2><p class=\"uagb-ifb-title\">Somos el t\u00e9rmino adecuado para su negocio. Tenemos la experiencia y los conocimientos necesarios para ofrecer asesoramiento y servicios imparciales a un precio honesto.<\/p><\/div><p class=\"uagb-ifb-desc\">Con nosotros se sentir\u00e1 escuchado. Escuchamos las necesidades de nuestros clientes y seleccionamos la soluci\u00f3n que mejor se adapte a ellas. Cuidamos de su empresa como si fuera la nuestra. Nos interesamos sinceramente por ella y deseamos de verdad ayudar a su empresa a alcanzar su potencial.<\/p><\/div><\/div>\n<\/div><\/div>\n\n\n\n<div class=\"wp-block-uagb-container uagb-block-db2d419d alignfull uagb-is-root-container\"><div class=\"uagb-container-inner-blocks-wrap\">\n<div class=\"wp-block-uagb-container uagb-layout-grid uagb-block-964d8b67\">\n<div class=\"wp-block-uagb-info-box uagb-block-f88e0df1 uagb-infobox__content-wrap  uagb-infobox-icon-above-title uagb-infobox-image-valign-top\"><div class=\"uagb-ifb-content\"><div class=\"uagb-ifb-title-wrap\"><h3 class=\"uagb-ifb-title\">\u00bfTienes un proyecto en mente?<\/h3><\/div><p class=\"uagb-ifb-desc\">Podemos ayudarle a hacer realidad sus ideas. Hablemos de lo que podemos construir y recaudar juntos.<\/p><div class=\"uagb-ifb-button-wrapper wp-block-button\"><a href=\"#\" class=\"uagb-infobox-cta-link wp-block-button__link\" target=\"_self\" rel=\"noopener noreferrer\" onclick=\"return false;\"><span class=\"uagb-inline-editing\">Conecta con nosotros<\/span><svg xmlns=\"https:\/\/www.w3.org\/2000\/svg\" viewbox=\"0 0 512 512\"><path d=\"M502.6 278.6l-128 128c-12.51 12.51-32.76 12.49-45.25 0c-12.5-12.5-12.5-32.75 0-45.25L402.8 288H32C14.31 288 0 273.7 0 255.1S14.31 224 32 224h370.8l-73.38-73.38c-12.5-12.5-12.5-32.75 0-45.25s32.75-12.5 45.25 0l128 128C515.1 245.9 515.1 266.1 502.6 278.6z\"><\/path><\/svg><\/a><\/div><\/div><\/div>\n\n\n\n<div class=\"wp-block-uagb-image alignright uagb-block-1ecf927d wp-block-uagb-image--layout-default wp-block-uagb-image--effect-static wp-block-uagb-image--align-right\"><figure class=\"wp-block-uagb-image__figure\"><img decoding=\"async\" srcset=\"https:\/\/indimetrics.com\/wp-content\/uploads\/2021\/05\/cta-img.jpg ,https:\/\/indimetrics.com\/wp-content\/uploads\/2021\/05\/cta-img.jpg 780w\" sizes=\"auto, (max-width: 480px) 150px\" src=\"https:\/\/indimetrics.com\/wp-content\/uploads\/2021\/05\/cta-img.jpg\" alt=\"\" class=\"uag-image-69\" width=\"800\" height=\"565\" title=\"\" loading=\"lazy\" role=\"img\"\/><\/figure><\/div>\n<\/div>\n\n\n\n<div class=\"wp-block-uagb-container uagb-layout-grid uagb-block-3e7a0fa1\">\n<div class=\"wp-block-uagb-advanced-heading uagb-block-165a3982\"><h2 class=\"uagb-heading-text\">Construyamos juntos un negocio pr\u00f3spero<\/h2><\/div>\n\n\n\n<div class=\"wp-block-uagb-advanced-heading uagb-block-0d1db6a6\"><p class=\"uagb-desc-text\">Al trabajar con nosotros, no solo est\u00e1 impulsando su negocio. Nos comprometemos a apoyar el crecimiento de su equipo y organizaci\u00f3n, ofreciendo todo nuestro esfuerzo para construir una presencia en l\u00ednea s\u00f3lida y ayudarle a alcanzar m\u00e1s clientes.<\/p><\/div>\n<\/div>\n<\/div><\/div>\n\n\n\n<div class=\"wp-block-uagb-container uagb-block-af742380 alignfull uagb-is-root-container\"><div class=\"uagb-container-inner-blocks-wrap\">\n<div class=\"wp-block-uagb-container uagb-block-6b0a5d2a\">\n<div class=\"wp-block-uagb-info-box uagb-block-65aeb817 uagb-infobox__content-wrap  uagb-infobox-icon-above-title uagb-infobox-image-valign-top\"><div class=\"uagb-ifb-content\"><div class=\"uagb-ifb-title-wrap\"><span class=\"uagb-ifb-title-prefix\"><strong><strong>Tus aliados de confianza<\/strong><\/strong><\/span><h2 class=\"uagb-ifb-title\">Equipo altamente motivado con ideas innovadoras<\/h2><\/div><\/div><\/div>\n\n\n\n<div class=\"wp-block-uagb-advanced-heading uagb-block-8bdd44f0\"><p class=\"uagb-heading-text\">Nos encanta lo que hacemos y por eso proponemos las mejores soluciones posibles para ayudarle a establecerse y crecer en Internet r\u00e1pidamente. Somos sus socios de confianza con los que puede contar.<\/p><\/div>\n<\/div>\n\n\n\t\t\t\t\t<div\n\t\t\t\t\t\tclass=\"wp-block-uagb-image-gallery uagb-block-d622a1c1\"\n\t\t\t\t\t\tstyle=\"\"\n\t\t\t\t\t>\n\t\t\t\t\t\t\t\t\t\t\t<div class=\"spectra-image-gallery spectra-image-gallery__layout--grid spectra-image-gallery__layout--grid-col-3 spectra-image-gallery__layout--grid-col-tab-3 spectra-image-gallery__layout--grid-col-mob-1\">\n\t\t\t\t\t\t\t\t\t\t\t<div class='spectra-image-gallery__media-wrapper' data-spectra-gallery-image-id='75' tabindex=\"0\">\n\t\t\t\t\t\t\t<div class=\"spectra-image-gallery__media spectra-image-gallery__media--grid\">\n\t\t\t\t<picture>\n\t\t\t\t\t<source media=\"(min-width: 1024px)\" srcset=\"https:\/\/indimetrics.com\/wp-content\/uploads\/2021\/05\/gallery-1.jpg\">\n\t\t\t\t\t<source media=\"(min-width: 768px)\" srcset=\"https:\/\/indimetrics.com\/wp-content\/uploads\/2021\/05\/gallery-1.jpg\">\n\t\t\t\t\t<img decoding=\"async\" class=\"spectra-image-gallery__media-thumbnail spectra-image-gallery__media-thumbnail--grid\" src=\"https:\/\/websitedemos.net\/digital-agency-08\/wp-content\/uploads\/sites\/850\/2021\/05\/gallery-1-300x300.jpg\" alt=\"\" loading=\"lazy\" \/>\n\t\t\t\t<\/picture>\n\t\t\t\t<div class=\"spectra-image-gallery__media-thumbnail-blurrer\"><\/div>\n\t\t\t\t\t\t\t\t\t\t\t<div class=\"spectra-image-gallery__media-thumbnail-caption-wrapper spectra-image-gallery__media-thumbnail-caption-wrapper--overlay\"><\/div>\n\t\t\t\t\t\t\t\t<\/div>\n\t\t\t\t\t\t<\/div>\n\t\t\t\t\t\t<div class='spectra-image-gallery__media-wrapper' data-spectra-gallery-image-id='76' tabindex=\"0\">\n\t\t\t\t\t\t\t<div class=\"spectra-image-gallery__media spectra-image-gallery__media--grid\">\n\t\t\t\t<picture>\n\t\t\t\t\t<source media=\"(min-width: 1024px)\" srcset=\"https:\/\/indimetrics.com\/wp-content\/uploads\/2021\/05\/gallery-2.jpg\">\n\t\t\t\t\t<source media=\"(min-width: 768px)\" srcset=\"https:\/\/indimetrics.com\/wp-content\/uploads\/2021\/05\/gallery-2.jpg\">\n\t\t\t\t\t<img decoding=\"async\" class=\"spectra-image-gallery__media-thumbnail spectra-image-gallery__media-thumbnail--grid\" src=\"https:\/\/websitedemos.net\/digital-agency-08\/wp-content\/uploads\/sites\/850\/2021\/05\/gallery-2-300x300.jpg\" alt=\"\" loading=\"lazy\" \/>\n\t\t\t\t<\/picture>\n\t\t\t\t<div class=\"spectra-image-gallery__media-thumbnail-blurrer\"><\/div>\n\t\t\t\t\t\t\t\t\t\t\t<div class=\"spectra-image-gallery__media-thumbnail-caption-wrapper spectra-image-gallery__media-thumbnail-caption-wrapper--overlay\"><\/div>\n\t\t\t\t\t\t\t\t<\/div>\n\t\t\t\t\t\t<\/div>\n\t\t\t\t\t\t<div class='spectra-image-gallery__media-wrapper' data-spectra-gallery-image-id='77' tabindex=\"0\">\n\t\t\t\t\t\t\t<div class=\"spectra-image-gallery__media spectra-image-gallery__media--grid\">\n\t\t\t\t<picture>\n\t\t\t\t\t<source media=\"(min-width: 1024px)\" srcset=\"https:\/\/indimetrics.com\/wp-content\/uploads\/2021\/05\/gallery-3.jpg\">\n\t\t\t\t\t<source media=\"(min-width: 768px)\" srcset=\"https:\/\/indimetrics.com\/wp-content\/uploads\/2021\/05\/gallery-3.jpg\">\n\t\t\t\t\t<img decoding=\"async\" class=\"spectra-image-gallery__media-thumbnail spectra-image-gallery__media-thumbnail--grid\" src=\"https:\/\/websitedemos.net\/digital-agency-08\/wp-content\/uploads\/sites\/850\/2021\/05\/gallery-3-300x300.jpg\" alt=\"\" loading=\"lazy\" \/>\n\t\t\t\t<\/picture>\n\t\t\t\t<div class=\"spectra-image-gallery__media-thumbnail-blurrer\"><\/div>\n\t\t\t\t\t\t\t\t\t\t\t<div class=\"spectra-image-gallery__media-thumbnail-caption-wrapper spectra-image-gallery__media-thumbnail-caption-wrapper--overlay\"><\/div>\n\t\t\t\t\t\t\t\t<\/div>\n\t\t\t\t\t\t<\/div>\n\t\t\t\t\t\t\t\t\t\t<\/div>\n\t\t\t\t\t\t\t\t\t\t\t\t\t\t\t\t\t\t<\/div>\n\t\t\t\t\t\t\t\t\t<\/div><\/div>\n\n\n\n<div class=\"wp-block-uagb-container uagb-layout-grid uagb-block-40d4d421 alignfull uagb-is-root-container\"><div class=\"uagb-container-inner-blocks-wrap\">\n<div class=\"wp-block-uagb-advanced-heading uagb-block-fb002795\"><h2 class=\"uagb-heading-text\">Suscribir<\/h2><\/div>\n\n\n\n<div class=\"wp-block-uagb-forms uagb-forms__outer-wrap uagb-block-d276cdda uagb-forms__default-btn uagb-forms-inline-field uagb-forms-button-desk-width-25 uagb-forms-column-gap-5 uagb-forms-button-tablet-width-40 uagb-forms-button-mobile-width-100\"><form class=\"uagb-forms-main-form\" method=\"post\" autocomplete=\"on\" name=\"uagb-form-d276cdda\" action=\"\">\n<div class=\"wp-block-uagb-forms-email uagb-forms-email-wrap uagb-forms-field-set uagb-block-256e3189 uagb-forms-field-desk-width-66 uagb-forms-field-tablet-width-50 uagb-forms-field-mobile-width-100\"><div class=\"uagb-forms-email-label  uagb-forms-input-label\" id=\"256e3189\">Correo electr\u00f3nico<\/div><input type=\"email\" class=\"uagb-forms-email-input uagb-forms-input\" placeholder=\"Email Address\" name=\"256e3189\" autocomplete=\"email\"\/><\/div>\n<div class=\"uagb-forms-form-hidden-data\"><input type=\"hidden\" class=\"uagb_forms_form_label\" value=\"Spectra Form\"\/><input type=\"hidden\" class=\"uagb_forms_form_id\" value=\"uagb-form-d276cdda\"\/><\/div><div class=\"uagb-form-reacaptcha-error-d276cdda\"><\/div><div class=\"uagb-forms-main-submit-button-wrap wp-block-button\"><button class=\"uagb-forms-main-submit-button wp-block-button__link\"><div class=\"uagb-forms-main-submit-button-text\">Estoy interesado<\/div><\/button><\/div><input type=\"hidden\" name=\"trp-form-language\" value=\"es\"\/><\/form><div class=\"uagb-forms-success-message-d276cdda uagb-forms-submit-message-hide\"><span>\u00a1El formulario ha sido enviado correctamente!<\/span><\/div><div class=\"uagb-forms-failed-message-d276cdda uagb-forms-submit-message-hide\"><span>Ha ocurrido alg\u00fan error al enviar el formulario. Por favor, revisa de nuevo todos los campos.<\/span><\/div><\/div>\n<\/div><\/div>","protected":false},"excerpt":{"rendered":"<p>We create digital solutions that grow your business. If you are looking for an agency to help you create a remarkable presence online, you\u2019ve come to the right place. We can help you take your business to the next level. Your partner for Clients We\u2019ve Worked With Let us together build a flourishing business When [&hellip;]<\/p>","protected":false},"author":1,"featured_media":0,"parent":0,"menu_order":0,"comment_status":"closed","ping_status":"closed","template":"","meta":{"_uag_custom_page_level_css":"","site-sidebar-layout":"no-sidebar","site-content-layout":"page-builder","ast-site-content-layout":"full-width-container","site-content-style":"unboxed","site-sidebar-style":"unboxed","ast-global-header-display":"","ast-banner-title-visibility":"","ast-main-header-display":"","ast-hfb-above-header-display":"","ast-hfb-below-header-display":"","ast-hfb-mobile-header-display":"","site-post-title":"disabled","ast-breadcrumbs-content":"","ast-featured-img":"disabled","footer-sml-layout":"","theme-transparent-header-meta":"enabled","adv-header-id-meta":"","stick-header-meta":"","header-above-stick-meta":"","header-main-stick-meta":"","header-below-stick-meta":"","astra-migrate-meta-layouts":"set","ast-page-background-enabled":"default","ast-page-background-meta":{"desktop":{"background-color":"","background-image":"","background-repeat":"repeat","background-position":"center center","background-size":"auto","background-attachment":"scroll","background-type":"","background-media":"","overlay-type":"","overlay-color":"","overlay-opacity":"","overlay-gradient":""},"tablet":{"background-color":"","background-image":"","background-repeat":"repeat","background-position":"center center","background-size":"auto","background-attachment":"scroll","background-type":"","background-media":"","overlay-type":"","overlay-color":"","overlay-opacity":"","overlay-gradient":""},"mobile":{"background-color":"","background-image":"","background-repeat":"repeat","background-position":"center center","background-size":"auto","background-attachment":"scroll","background-type":"","background-media":"","overlay-type":"","overlay-color":"","overlay-opacity":"","overlay-gradient":""}},"ast-content-background-meta":{"desktop":{"background-color":"var(--ast-global-color-5)","background-image":"","background-repeat":"repeat","background-position":"center center","background-size":"auto","background-attachment":"scroll","background-type":"","background-media":"","overlay-type":"","overlay-color":"","overlay-opacity":"","overlay-gradient":""},"tablet":{"background-color":"var(--ast-global-color-5)","background-image":"","background-repeat":"repeat","background-position":"center center","background-size":"auto","background-attachment":"scroll","background-type":"","background-media":"","overlay-type":"","overlay-color":"","overlay-opacity":"","overlay-gradient":""},"mobile":{"background-color":"var(--ast-global-color-5)","background-image":"","background-repeat":"repeat","background-position":"center center","background-size":"auto","background-attachment":"scroll","background-type":"","background-media":"","overlay-type":"","overlay-color":"","overlay-opacity":"","overlay-gradient":""}},"footnotes":""},"class_list":["post-135","page","type-page","status-publish","hentry"],"aioseo_notices":[],"uagb_featured_image_src":{"full":false,"thumbnail":false,"medium":false,"medium_large":false,"large":false,"1536x1536":false,"2048x2048":false,"trp-custom-language-flag":false},"uagb_author_info":{"display_name":"indimetricsco@gmail.com","author_link":"https:\/\/indimetrics.com\/es\/author\/indimetricscogmail-com\/"},"uagb_comment_info":0,"uagb_excerpt":"We create digital solutions that grow your business. If you are looking for an agency to help you create a remarkable presence online, you\u2019ve come to the right place. We can help you take your business to the next level. Your partner for Clients We\u2019ve Worked With Let us together build a flourishing business When&hellip;","_links":{"self":[{"href":"https:\/\/indimetrics.com\/es\/wp-json\/wp\/v2\/pages\/135","targetHints":{"allow":["GET"]}}],"collection":[{"href":"https:\/\/indimetrics.com\/es\/wp-json\/wp\/v2\/pages"}],"about":[{"href":"https:\/\/indimetrics.com\/es\/wp-json\/wp\/v2\/types\/page"}],"author":[{"embeddable":true,"href":"https:\/\/indimetrics.com\/es\/wp-json\/wp\/v2\/users\/1"}],"replies":[{"embeddable":true,"href":"https:\/\/indimetrics.com\/es\/wp-json\/wp\/v2\/comments?post=135"}],"version-history":[{"count":10,"href":"https:\/\/indimetrics.com\/es\/wp-json\/wp\/v2\/pages\/135\/revisions"}],"predecessor-version":[{"id":851,"href":"https:\/\/indimetrics.com\/es\/wp-json\/wp\/v2\/pages\/135\/revisions\/851"}],"wp:attachment":[{"href":"https:\/\/indimetrics.com\/es\/wp-json\/wp\/v2\/media?parent=135"}],"curies":[{"name":"wp","href":"https:\/\/api.w.org\/{rel}","templated":true}]}}