{"id":137,"date":"2024-06-26T16:57:56","date_gmt":"2024-06-26T16:57:56","guid":{"rendered":"https:\/\/indimetrics.com\/services\/"},"modified":"2025-04-28T04:23:23","modified_gmt":"2025-04-28T04:23:23","slug":"services","status":"publish","type":"page","link":"https:\/\/indimetrics.com\/es\/services\/","title":{"rendered":"Servicios"},"content":{"rendered":"<div class=\"wp-block-uagb-container uagb-block-27ef9fe0 alignfull uagb-is-root-container\"><div class=\"uagb-container-inner-blocks-wrap\">\n<div class=\"wp-block-uagb-info-box uagb-block-d444f0cc uagb-infobox__content-wrap  uagb-infobox-icon-above-title uagb-infobox-image-valign-top wp-block-uagb-info-box--has-margin\"><div class=\"uagb-infobox-margin-wrapper\"><div class=\"uagb-ifb-content\"><div class=\"uagb-ifb-separator\"><\/div><div class=\"uagb-ifb-title-wrap\"><h1 class=\"uagb-ifb-title\">Servicios<\/h1><\/div><\/div><\/div><\/div>\n<\/div><\/div>\n\n\n\n<div class=\"wp-block-uagb-container uagb-block-7479c618 alignfull uagb-is-root-container\"><div class=\"uagb-container-inner-blocks-wrap\">\n<div class=\"wp-block-uagb-advanced-heading uagb-block-6f8255de\"><h2 class=\"uagb-heading-text\">\u00bfC\u00f3mo podemos ayudarte?<\/h2><\/div>\n\n\n\n<div class=\"wp-block-uagb-container uagb-block-43eb9d9b alignfull uagb-is-root-container\"><div class=\"uagb-container-inner-blocks-wrap\">\n<div class=\"wp-block-uagb-container uagb-block-922a985c\">\n<div class=\"wp-block-uagb-info-box uagb-block-a394f879 uagb-infobox__content-wrap  uagb-infobox-icon-above-title uagb-infobox-image-valign-top\"><div class=\"uagb-ifb-content\"><div class=\"uagb-ifb-title-wrap\"><h4 class=\"uagb-ifb-title\">Dise\u00f1o creativo<\/h4><\/div><p class=\"uagb-ifb-desc\">Nuestro equipo de dise\u00f1adores gr\u00e1ficos y web profesionales le ayudar\u00e1 con dise\u00f1os de logotipos y sitios web \u00fanicos y creativos que encajar\u00e1n con su negocio.<\/p><\/div><\/div>\n<\/div>\n\n\n\n<div class=\"wp-block-uagb-container uagb-block-5912b95d\">\n<div class=\"wp-block-uagb-info-box uagb-block-5da835d4 uagb-infobox__content-wrap  uagb-infobox-icon-above-title uagb-infobox-image-valign-top\"><div class=\"uagb-ifb-content\"><div class=\"uagb-ifb-title-wrap\"><h4 class=\"uagb-ifb-title\">Investigaci\u00f3n y desarollo<\/h4><\/div><p class=\"uagb-ifb-desc\">Le ayudamos a crear el sitio web perfecto con una interfaz de usuario optimizada, dise\u00f1ada tras un an\u00e1lisis exhaustivo de su sector para maximizar su rendimiento.<\/p><\/div><\/div>\n<\/div>\n\n\n\n<div class=\"wp-block-uagb-container uagb-block-30807eb1\">\n<div class=\"wp-block-uagb-info-box uagb-block-71bacb3e uagb-infobox__content-wrap  uagb-infobox-icon-above-title uagb-infobox-image-valign-top\"><div class=\"uagb-ifb-content\"><div class=\"uagb-ifb-title-wrap\"><h4 class=\"uagb-ifb-title\">Branding &amp; Marketing<\/h4><\/div><p class=\"uagb-ifb-desc\">\u00bfNecesita ayuda con la marca y el marketing para llegar a un p\u00fablico m\u00e1s amplio? Podemos ayudarle a crear una presencia de marca y esfuerzos de marketing<\/p><\/div><\/div>\n<\/div>\n<\/div><\/div>\n<\/div><\/div>\n\n\n\n<div class=\"wp-block-uagb-container uagb-block-b4735b3e alignfull uagb-is-root-container\"><div class=\"uagb-container-inner-blocks-wrap\">\n<div class=\"wp-block-uagb-advanced-heading uagb-block-c59832a9\"><h2 class=\"uagb-heading-text\">Clientes con los que hemos trabajado<\/h2><\/div>\n\n\n\n<div class=\"wp-block-uagb-container uagb-block-78bb56bf alignfull uagb-is-root-container\"><div class=\"uagb-container-inner-blocks-wrap\">\n<div class=\"wp-block-uagb-image aligncenter uagb-block-4612d432 wp-block-uagb-image--layout-default wp-block-uagb-image--effect-static wp-block-uagb-image--align-center\"><figure class=\"wp-block-uagb-image__figure\"><img decoding=\"async\" srcset=\"https:\/\/indimetrics.com\/wp-content\/uploads\/2025\/04\/whole-high-resolution-logo-transparent-copy-1024x326.png ,https:\/\/indimetrics.com\/wp-content\/uploads\/2025\/04\/whole-high-resolution-logo-transparent-copy.png 780w, https:\/\/indimetrics.com\/wp-content\/uploads\/2025\/04\/whole-high-resolution-logo-transparent-copy.png 360w\" sizes=\"auto, (max-width: 480px) 150px\" src=\"https:\/\/indimetrics.com\/wp-content\/uploads\/2025\/04\/whole-high-resolution-logo-transparent-copy-1024x326.png\" alt=\"\" class=\"uag-image-832\" width=\"116\" height=\"37\" title=\"whole-high-resolution-logo-transparent copy\" loading=\"lazy\" role=\"img\"\/><\/figure><\/div>\n\n\n\n<div class=\"wp-block-uagb-image aligncenter uagb-block-31a34fcf wp-block-uagb-image--layout-default wp-block-uagb-image--effect-static wp-block-uagb-image--align-center\"><figure class=\"wp-block-uagb-image__figure\"><img decoding=\"async\" srcset=\"https:\/\/indimetrics.com\/wp-content\/uploads\/2024\/09\/company_logo.png ,https:\/\/indimetrics.com\/wp-content\/uploads\/2024\/09\/company_logo.png 780w, https:\/\/indimetrics.com\/wp-content\/uploads\/2024\/09\/company_logo.png 360w\" sizes=\"auto, (max-width: 480px) 150px\" src=\"https:\/\/indimetrics.com\/wp-content\/uploads\/2024\/09\/company_logo.png\" alt=\"\" class=\"uag-image-804\" width=\"119\" height=\"28\" title=\"company_logo\" loading=\"lazy\" role=\"img\"\/><\/figure><\/div>\n\n\n\n<div class=\"wp-block-uagb-image aligncenter uagb-block-ab8a0f64 wp-block-uagb-image--layout-default wp-block-uagb-image--effect-static wp-block-uagb-image--align-center\"><figure class=\"wp-block-uagb-image__figure\"><img decoding=\"async\" srcset=\"https:\/\/indimetrics.com\/wp-content\/uploads\/2024\/09\/Argen-advisors-logo-red.png ,https:\/\/indimetrics.com\/wp-content\/uploads\/2024\/09\/Argen-advisors-logo-red.png 780w, https:\/\/indimetrics.com\/wp-content\/uploads\/2024\/09\/Argen-advisors-logo-red.png 360w\" sizes=\"auto, (max-width: 480px) 150px\" src=\"https:\/\/indimetrics.com\/wp-content\/uploads\/2024\/09\/Argen-advisors-logo-red.png\" alt=\"\" class=\"uag-image-807\" width=\"62\" height=\"59\" title=\"Argen-advisors-logo-red\" loading=\"lazy\" role=\"img\"\/><\/figure><\/div>\n\n\n\n<div class=\"wp-block-uagb-image aligncenter uagb-block-51814869 wp-block-uagb-image--layout-default wp-block-uagb-image--effect-static wp-block-uagb-image--align-center\"><figure class=\"wp-block-uagb-image__figure\"><img decoding=\"async\" srcset=\"https:\/\/indimetrics.com\/wp-content\/uploads\/2025\/04\/Logo-provincia.png ,https:\/\/indimetrics.com\/wp-content\/uploads\/2025\/04\/Logo-provincia.png 780w, https:\/\/indimetrics.com\/wp-content\/uploads\/2025\/04\/Logo-provincia.png 360w\" sizes=\"auto, (max-width: 480px) 150px\" src=\"https:\/\/indimetrics.com\/wp-content\/uploads\/2025\/04\/Logo-provincia.png\" alt=\"\" class=\"uag-image-831\" width=\"157\" height=\"38\" title=\"Logo-provincia\" loading=\"lazy\" role=\"img\"\/><\/figure><\/div>\n<\/div><\/div>\n<\/div><\/div>\n\n\n\n<div class=\"wp-block-uagb-container uagb-block-db2d419d alignfull uagb-is-root-container\"><div class=\"uagb-container-inner-blocks-wrap\">\n<div class=\"wp-block-uagb-container uagb-layout-grid uagb-block-964d8b67\">\n<div class=\"wp-block-uagb-info-box uagb-block-f88e0df1 uagb-infobox__content-wrap  uagb-infobox-icon-above-title uagb-infobox-image-valign-top\"><div class=\"uagb-ifb-content\"><div class=\"uagb-ifb-title-wrap\"><h3 class=\"uagb-ifb-title\">\u00bftienes un proyecto en mente?<\/h3><\/div><p class=\"uagb-ifb-desc\">Podemos ayudarle a hacer realidad sus ideas. Hablemos de lo que podemos construir y recaudar juntos.<\/p><div class=\"uagb-ifb-button-wrapper wp-block-button\"><a href=\"#\" class=\"uagb-infobox-cta-link wp-block-button__link\" target=\"_self\" rel=\"noopener noreferrer\" onclick=\"return false;\"><span class=\"uagb-inline-editing\">Conecta con nosotros<\/span><svg xmlns=\"https:\/\/www.w3.org\/2000\/svg\" viewbox=\"0 0 512 512\"><path d=\"M502.6 278.6l-128 128c-12.51 12.51-32.76 12.49-45.25 0c-12.5-12.5-12.5-32.75 0-45.25L402.8 288H32C14.31 288 0 273.7 0 255.1S14.31 224 32 224h370.8l-73.38-73.38c-12.5-12.5-12.5-32.75 0-45.25s32.75-12.5 45.25 0l128 128C515.1 245.9 515.1 266.1 502.6 278.6z\"><\/path><\/svg><\/a><\/div><\/div><\/div>\n\n\n\n<div class=\"wp-block-uagb-image alignright uagb-block-1ecf927d wp-block-uagb-image--layout-default wp-block-uagb-image--effect-static wp-block-uagb-image--align-right\"><figure class=\"wp-block-uagb-image__figure\"><img decoding=\"async\" srcset=\"https:\/\/indimetrics.com\/wp-content\/uploads\/2021\/05\/cta-img.jpg ,https:\/\/indimetrics.com\/wp-content\/uploads\/2021\/05\/cta-img.jpg 780w\" sizes=\"auto, (max-width: 480px) 150px\" src=\"https:\/\/indimetrics.com\/wp-content\/uploads\/2021\/05\/cta-img.jpg\" alt=\"\" class=\"uag-image-69\" width=\"800\" height=\"565\" title=\"\" loading=\"lazy\" role=\"img\"\/><\/figure><\/div>\n<\/div>\n\n\n\n<div class=\"wp-block-uagb-container uagb-layout-grid uagb-block-3e7a0fa1\">\n<div class=\"wp-block-uagb-advanced-heading uagb-block-165a3982\"><h2 class=\"uagb-heading-text\">Construyamos juntos un negocio pr\u00f3spero<\/h2><\/div>\n\n\n\n<div class=\"wp-block-uagb-advanced-heading uagb-block-0d1db6a6\"><p class=\"uagb-desc-text\">Al trabajar con nosotros, no solo est\u00e1 impulsando su negocio. Nos comprometemos a apoyar el crecimiento de su equipo y organizaci\u00f3n, ofreciendo todo nuestro esfuerzo para construir una presencia en l\u00ednea s\u00f3lida y ayudarle a alcanzar m\u00e1s clientes.<\/p><\/div>\n<\/div>\n<\/div><\/div>","protected":false},"excerpt":{"rendered":"<p>How can we help you? Clients We Worked With Let us together build a flourishing business When connected with us, you aren\u2019t growing your business alone. We have your back and put in our best to contribute to the growth of your entire team and organization. So, if you are looking for the right agency [&hellip;]<\/p>","protected":false},"author":1,"featured_media":0,"parent":0,"menu_order":0,"comment_status":"closed","ping_status":"closed","template":"","meta":{"_uag_custom_page_level_css":"","site-sidebar-layout":"no-sidebar","site-content-layout":"page-builder","ast-site-content-layout":"full-width-container","site-content-style":"unboxed","site-sidebar-style":"unboxed","ast-global-header-display":"","ast-banner-title-visibility":"","ast-main-header-display":"","ast-hfb-above-header-display":"","ast-hfb-below-header-display":"","ast-hfb-mobile-header-display":"","site-post-title":"disabled","ast-breadcrumbs-content":"","ast-featured-img":"disabled","footer-sml-layout":"","theme-transparent-header-meta":"enabled","adv-header-id-meta":"","stick-header-meta":"","header-above-stick-meta":"","header-main-stick-meta":"","header-below-stick-meta":"","astra-migrate-meta-layouts":"set","ast-page-background-enabled":"default","ast-page-background-meta":{"desktop":{"background-color":"","background-image":"","background-repeat":"repeat","background-position":"center center","background-size":"auto","background-attachment":"scroll","background-type":"","background-media":"","overlay-type":"","overlay-color":"","overlay-opacity":"","overlay-gradient":""},"tablet":{"background-color":"","background-image":"","background-repeat":"repeat","background-position":"center center","background-size":"auto","background-attachment":"scroll","background-type":"","background-media":"","overlay-type":"","overlay-color":"","overlay-opacity":"","overlay-gradient":""},"mobile":{"background-color":"","background-image":"","background-repeat":"repeat","background-position":"center center","background-size":"auto","background-attachment":"scroll","background-type":"","background-media":"","overlay-type":"","overlay-color":"","overlay-opacity":"","overlay-gradient":""}},"ast-content-background-meta":{"desktop":{"background-color":"var(--ast-global-color-5)","background-image":"","background-repeat":"repeat","background-position":"center center","background-size":"auto","background-attachment":"scroll","background-type":"","background-media":"","overlay-type":"","overlay-color":"","overlay-opacity":"","overlay-gradient":""},"tablet":{"background-color":"var(--ast-global-color-5)","background-image":"","background-repeat":"repeat","background-position":"center center","background-size":"auto","background-attachment":"scroll","background-type":"","background-media":"","overlay-type":"","overlay-color":"","overlay-opacity":"","overlay-gradient":""},"mobile":{"background-color":"var(--ast-global-color-5)","background-image":"","background-repeat":"repeat","background-position":"center center","background-size":"auto","background-attachment":"scroll","background-type":"","background-media":"","overlay-type":"","overlay-color":"","overlay-opacity":"","overlay-gradient":""}},"footnotes":""},"class_list":["post-137","page","type-page","status-publish","hentry"],"aioseo_notices":[],"uagb_featured_image_src":{"full":false,"thumbnail":false,"medium":false,"medium_large":false,"large":false,"1536x1536":false,"2048x2048":false,"trp-custom-language-flag":false},"uagb_author_info":{"display_name":"indimetricsco@gmail.com","author_link":"https:\/\/indimetrics.com\/es\/author\/indimetricscogmail-com\/"},"uagb_comment_info":0,"uagb_excerpt":"How can we help you? Clients We Worked With Let us together build a flourishing business When connected with us, you aren\u2019t growing your business alone. We have your back and put in our best to contribute to the growth of your entire team and organization. So, if you are looking for the right agency&hellip;","_links":{"self":[{"href":"https:\/\/indimetrics.com\/es\/wp-json\/wp\/v2\/pages\/137","targetHints":{"allow":["GET"]}}],"collection":[{"href":"https:\/\/indimetrics.com\/es\/wp-json\/wp\/v2\/pages"}],"about":[{"href":"https:\/\/indimetrics.com\/es\/wp-json\/wp\/v2\/types\/page"}],"author":[{"embeddable":true,"href":"https:\/\/indimetrics.com\/es\/wp-json\/wp\/v2\/users\/1"}],"replies":[{"embeddable":true,"href":"https:\/\/indimetrics.com\/es\/wp-json\/wp\/v2\/comments?post=137"}],"version-history":[{"count":4,"href":"https:\/\/indimetrics.com\/es\/wp-json\/wp\/v2\/pages\/137\/revisions"}],"predecessor-version":[{"id":838,"href":"https:\/\/indimetrics.com\/es\/wp-json\/wp\/v2\/pages\/137\/revisions\/838"}],"wp:attachment":[{"href":"https:\/\/indimetrics.com\/es\/wp-json\/wp\/v2\/media?parent=137"}],"curies":[{"name":"wp","href":"https:\/\/api.w.org\/{rel}","templated":true}]}}