{"id":139,"date":"2024-06-26T16:57:56","date_gmt":"2024-06-26T16:57:56","guid":{"rendered":"https:\/\/indimetrics.com\/about-us\/"},"modified":"2025-04-28T04:36:34","modified_gmt":"2025-04-28T04:36:34","slug":"about-us","status":"publish","type":"page","link":"https:\/\/indimetrics.com\/es\/about-us\/","title":{"rendered":"Sobre"},"content":{"rendered":"<div class=\"wp-block-uagb-container uagb-block-27ef9fe0 alignfull uagb-is-root-container\"><div class=\"uagb-container-inner-blocks-wrap\">\n<div class=\"wp-block-uagb-info-box uagb-block-d444f0cc uagb-infobox__content-wrap  uagb-infobox-icon-above-title uagb-infobox-image-valign-top wp-block-uagb-info-box--has-margin\"><div class=\"uagb-infobox-margin-wrapper\"><div class=\"uagb-ifb-content\"><div class=\"uagb-ifb-separator\"><\/div><div class=\"uagb-ifb-title-wrap\"><h1 class=\"uagb-ifb-title\">Sobre nosotros<\/h1><\/div><\/div><\/div><\/div>\n<\/div><\/div>\n\n\n\n<div class=\"wp-block-uagb-container uag-blocks-common-selector uagb-block-25cf62e4 alignfull uagb-is-root-container\"><div class=\"uagb-container-inner-blocks-wrap\">\n<div class=\"wp-block-uagb-container uag-blocks-common-selector uagb-block-a71d85eb\">\n<div class=\"wp-block-uagb-image alignright uagb-block-cf9353db wp-block-uagb-image--layout-default wp-block-uagb-image--effect-static wp-block-uagb-image--align-right\"><figure class=\"wp-block-uagb-image__figure\"><img decoding=\"async\" srcset=\"https:\/\/indimetrics.com\/wp-content\/uploads\/2021\/05\/about.jpg \" sizes=\"auto, (max-width: 480px) 150px\" src=\"https:\/\/indimetrics.com\/wp-content\/uploads\/2021\/05\/about.jpg\" alt=\"\" class=\"uag-image-47\" width=\"600\" height=\"720\" title=\"\" loading=\"lazy\" role=\"img\"\/><\/figure><\/div>\n<\/div>\n\n\n\n<div class=\"wp-block-uagb-container uagb-block-16f5afa9\">\n<div class=\"wp-block-uagb-advanced-heading uagb-block-254b694e\"><p class=\"uagb-heading-text\"><strong>Estamos para ayudar<\/strong><\/p><p class=\"uagb-desc-text\">Si usted est\u00e1 buscando el mejor dise\u00f1o de sitios web, desarrollo y servicios de marketing para hacer crecer su negocio en l\u00ednea, estamos aqu\u00ed para ayudar. <\/p><\/div>\n\n\n\n<div class=\"wp-block-uagb-advanced-heading uagb-block-577af811\"><h3 class=\"uagb-heading-text\">Nuestros valores<\/h3><\/div>\n\n\n\n<div class=\"wp-block-uagb-icon-list uagb-block-e29d3134\"><div class=\"uagb-icon-list__wrap\">\n<div class=\"wp-block-uagb-icon-list-child uagb-block-e170e70d\"><span class=\"uagb-icon-list__source-wrap\"><svg xmlns=\"https:\/\/www.w3.org\/2000\/svg\" viewbox=\"0 0 448 512\"><path d=\"M400 288h-352c-17.69 0-32-14.32-32-32.01s14.31-31.99 32-31.99h352c17.69 0 32 14.3 32 31.99S417.7 288 400 288z\"><\/path><\/svg><\/span><span class=\"uagb-icon-list__label\">Comprometidos a dar lo mejor<\/span><\/div>\n\n\n\n<div class=\"wp-block-uagb-icon-list-child uagb-block-0346ec65\"><span class=\"uagb-icon-list__source-wrap\"><svg xmlns=\"https:\/\/www.w3.org\/2000\/svg\" viewbox=\"0 0 448 512\"><path d=\"M400 288h-352c-17.69 0-32-14.32-32-32.01s14.31-31.99 32-31.99h352c17.69 0 32 14.3 32 31.99S417.7 288 400 288z\"><\/path><\/svg><\/span><span class=\"uagb-icon-list__label\">Servicios honestos y transparentes<\/span><\/div>\n\n\n\n<div class=\"wp-block-uagb-icon-list-child uagb-block-a7611cfd\"><span class=\"uagb-icon-list__source-wrap\"><svg xmlns=\"https:\/\/www.w3.org\/2000\/svg\" viewbox=\"0 0 448 512\"><path d=\"M400 288h-352c-17.69 0-32-14.32-32-32.01s14.31-31.99 32-31.99h352c17.69 0 32 14.3 32 31.99S417.7 288 400 288z\"><\/path><\/svg><\/span><span class=\"uagb-icon-list__label\">Cuidamos su negocio como el nuestro<\/span><\/div>\n\n\n\n<div class=\"wp-block-uagb-icon-list-child uagb-block-16c907fd\"><span class=\"uagb-icon-list__source-wrap\"><svg xmlns=\"https:\/\/www.w3.org\/2000\/svg\" viewbox=\"0 0 448 512\"><path d=\"M400 288h-352c-17.69 0-32-14.32-32-32.01s14.31-31.99 32-31.99h352c17.69 0 32 14.3 32 31.99S417.7 288 400 288z\"><\/path><\/svg><\/span><span class=\"uagb-icon-list__label\">Seguir aprendiendo y adapt\u00e1ndose a las nuevas tecnolog\u00edas<\/span><\/div>\n<\/div><\/div>\n<\/div>\n<\/div><\/div>\n\n\n\n<div class=\"wp-block-uagb-container uagb-block-2009b3b8 alignfull uagb-is-root-container\"><div class=\"uagb-container-inner-blocks-wrap\">\n<div class=\"wp-block-uagb-advanced-heading uagb-block-bdd2d175\"><h2 class=\"uagb-heading-text\">Lo que dicen nuestros clientes<\/h2><\/div>\n\n\n\n<div class=\"wp-block-uagb-container uagb-block-ef72cab3\">\n<div class=\"wp-block-uagb-container uagb-block-955d18b0\">\n<div class=\"wp-block-uagb-star-rating uagb-block-cb210dc9\"><div class=\"uag-star-rating\" title=\"4.5\/5\"><span class=\"uag-star\">\u2605<\/span><span class=\"uag-star\">\u2605<\/span><span class=\"uag-star\">\u2605<\/span><span class=\"uag-star\">\u2605<\/span><span class=\"uag-star\">\u2605<\/span><\/div><\/div>\n\n\n\n<div class=\"wp-block-uagb-testimonial uagb-slick-carousel uagb-tm__arrow-outside uagb-block-ad7401b9 uagb-post__carousel_notset uagb-post__carousel_notset-tablet uagb-post__carousel_notset-mobile\"><div class=\"is-carousel uagb-tm__columns-1 uagb-tm__items\"><div class=\"uagb-testimonial__wrap  uagb-tm__imgicon-style-circle uagb-tm__image-position-bottom uagb-tm__bg-type-none\"><div class=\"uagb-tm__content\"><div class=\"uagb-tm__overlay\"><\/div><div class=\"uagb-tm__text-wrap\"><div class=\"uagb-tm__desc\">Trabajar con este equipo fue una experiencia incre\u00edble. Nos ayudaron a crear un sitio web que no solo refleja perfectamente nuestra visi\u00f3n inmobiliaria, sino que tambi\u00e9n superaron nuestras expectativas. La atenci\u00f3n al detalle y el enfoque personalizado hicieron una gran diferencia. \u00a1Definitivamente recomendados!<\/div><div class=\"uagb-tm__meta-inner\"><div class=\"uagb-tm__image-content\"><div class=\"uagb-tm__image\"><img decoding=\"async\" class=\"uagb-tm-img-src\" src=\"https:\/\/indimetrics.com\/wp-content\/uploads\/2021\/06\/customer-4-150x150.jpg\" alt=\"\" width=\"60\" height=\"60\" loading=\"lazy\"\/><\/div><\/div><div class=\"uagb-testimonial-details\"><span class=\"uagb-tm__author-name\">Juan Camilo Ortega<\/span><span class=\"uagb-tm__company\">Company Name<\/span><\/div><\/div><\/div><\/div><\/div><\/div><\/div>\n<\/div>\n\n\n\n<div class=\"wp-block-uagb-container uagb-block-a6f90d53\">\n<div class=\"wp-block-uagb-star-rating uagb-block-4bfc474d\"><div class=\"uag-star-rating\" title=\"4.5\/5\"><span class=\"uag-star\">\u2605<\/span><span class=\"uag-star\">\u2605<\/span><span class=\"uag-star\">\u2605<\/span><span class=\"uag-star\">\u2605<\/span><span class=\"uag-star\">\u2605<\/span><\/div><\/div>\n\n\n\n<div class=\"wp-block-uagb-testimonial uagb-slick-carousel uagb-tm__arrow-outside uagb-block-d11f83b9 uagb-post__carousel_notset uagb-post__carousel_notset-tablet uagb-post__carousel_notset-mobile\"><div class=\"is-carousel uagb-tm__columns-1 uagb-tm__items\"><div class=\"uagb-testimonial__wrap  uagb-tm__imgicon-style-circle uagb-tm__image-position-bottom uagb-tm__bg-type-none\"><div class=\"uagb-tm__content\"><div class=\"uagb-tm__overlay\"><\/div><div class=\"uagb-tm__text-wrap\"><div class=\"uagb-tm__desc\">No solo nos ayudaron a crear un sitio web, sino que tambi\u00e9n dise\u00f1aron una estrategia completa para conectar con nuestro p\u00fablico objetivo. Nos ayudaron a crear p\u00e1ginas din\u00e1micas y desarrollar diferentes caminos de conversi\u00f3n para cada uno de nuestros servicios, lo que ha hecho una gran diferencia en c\u00f3mo llegamos a nuestros clientes. \u00a1Gracias por hacer que todo esto sucediera!<\/div><div class=\"uagb-tm__meta-inner\"><div class=\"uagb-tm__image-content\"><div class=\"uagb-tm__image\"><img decoding=\"async\" class=\"uagb-tm-img-src\" src=\"https:\/\/websitedemos.net\/digital-agency-08\/wp-content\/uploads\/sites\/850\/2021\/05\/customer-1-150x150.jpg\" alt=\"\" width=\"60\" height=\"60\" loading=\"lazy\"\/><\/div><\/div><div class=\"uagb-testimonial-details\"><span class=\"uagb-tm__author-name\">Dairo Escobar<\/span><span class=\"uagb-tm__company\">Company Name<\/span><\/div><\/div><\/div><\/div><\/div><\/div><\/div>\n<\/div>\n<\/div>\n<\/div><\/div>\n\n\n\n<div class=\"wp-block-uagb-container uagb-block-db2d419d alignfull uagb-is-root-container\"><div class=\"uagb-container-inner-blocks-wrap\">\n<div class=\"wp-block-uagb-container uagb-layout-grid uagb-block-964d8b67\">\n<div class=\"wp-block-uagb-info-box uagb-block-f88e0df1 uagb-infobox__content-wrap  uagb-infobox-icon-above-title uagb-infobox-image-valign-top\"><div class=\"uagb-ifb-content\"><div class=\"uagb-ifb-title-wrap\"><h3 class=\"uagb-ifb-title\">\u00bfTienes un proyecto en mente?<\/h3><\/div><p class=\"uagb-ifb-desc\">Podemos ayudarle a hacer realidad sus ideas. Hablemos de lo que podemos construir y recaudar juntos.<\/p><div class=\"uagb-ifb-button-wrapper wp-block-button\"><a href=\"#\" class=\"uagb-infobox-cta-link wp-block-button__link\" target=\"_self\" rel=\"noopener noreferrer\" onclick=\"return false;\"><span class=\"uagb-inline-editing\">Conecta con nosotros<\/span><svg xmlns=\"https:\/\/www.w3.org\/2000\/svg\" viewbox=\"0 0 512 512\"><path d=\"M502.6 278.6l-128 128c-12.51 12.51-32.76 12.49-45.25 0c-12.5-12.5-12.5-32.75 0-45.25L402.8 288H32C14.31 288 0 273.7 0 255.1S14.31 224 32 224h370.8l-73.38-73.38c-12.5-12.5-12.5-32.75 0-45.25s32.75-12.5 45.25 0l128 128C515.1 245.9 515.1 266.1 502.6 278.6z\"><\/path><\/svg><\/a><\/div><\/div><\/div>\n\n\n\n<div class=\"wp-block-uagb-image alignright uagb-block-1ecf927d wp-block-uagb-image--layout-default wp-block-uagb-image--effect-static wp-block-uagb-image--align-right\"><figure class=\"wp-block-uagb-image__figure\"><img decoding=\"async\" srcset=\"https:\/\/indimetrics.com\/wp-content\/uploads\/2021\/05\/cta-img.jpg ,https:\/\/indimetrics.com\/wp-content\/uploads\/2021\/05\/cta-img.jpg 780w\" sizes=\"auto, (max-width: 480px) 150px\" src=\"https:\/\/indimetrics.com\/wp-content\/uploads\/2021\/05\/cta-img.jpg\" alt=\"\" class=\"uag-image-69\" width=\"775\" height=\"547\" title=\"\" loading=\"lazy\" role=\"img\"\/><\/figure><\/div>\n<\/div>\n\n\n\n<div class=\"wp-block-uagb-container uagb-layout-grid uagb-block-3e7a0fa1\">\n<div class=\"wp-block-uagb-advanced-heading uagb-block-165a3982\"><h2 class=\"uagb-heading-text\">Construyamos juntos un negocio pr\u00f3spero<\/h2><\/div>\n\n\n\n<div class=\"wp-block-uagb-advanced-heading uagb-block-0d1db6a6\"><p class=\"uagb-desc-text\">Al trabajar con nosotros, no solo est\u00e1 impulsando su negocio. Nos comprometemos a apoyar el crecimiento de su equipo y organizaci\u00f3n, ofreciendo todo nuestro esfuerzo para construir una presencia en l\u00ednea s\u00f3lida y ayudarle a alcanzar m\u00e1s clientes.<\/p><\/div>\n<\/div>\n<\/div><\/div>","protected":false},"excerpt":{"rendered":"<p>We&#8217;re to help If you are looking for the best website design, development, and marketing services to grow your business online, we are here to help. Our Core Values What Our Clients Say Let us together build a flourishing business When connected with us, you aren\u2019t growing your business alone. We have your back and [&hellip;]<\/p>","protected":false},"author":1,"featured_media":0,"parent":0,"menu_order":0,"comment_status":"closed","ping_status":"closed","template":"","meta":{"_uag_custom_page_level_css":"","site-sidebar-layout":"no-sidebar","site-content-layout":"page-builder","ast-site-content-layout":"full-width-container","site-content-style":"unboxed","site-sidebar-style":"unboxed","ast-global-header-display":"","ast-banner-title-visibility":"","ast-main-header-display":"","ast-hfb-above-header-display":"","ast-hfb-below-header-display":"","ast-hfb-mobile-header-display":"","site-post-title":"disabled","ast-breadcrumbs-content":"","ast-featured-img":"disabled","footer-sml-layout":"","theme-transparent-header-meta":"enabled","adv-header-id-meta":"","stick-header-meta":"","header-above-stick-meta":"","header-main-stick-meta":"","header-below-stick-meta":"","astra-migrate-meta-layouts":"set","ast-page-background-enabled":"default","ast-page-background-meta":{"desktop":{"background-color":"","background-image":"","background-repeat":"repeat","background-position":"center center","background-size":"auto","background-attachment":"scroll","background-type":"","background-media":"","overlay-type":"","overlay-color":"","overlay-opacity":"","overlay-gradient":""},"tablet":{"background-color":"","background-image":"","background-repeat":"repeat","background-position":"center center","background-size":"auto","background-attachment":"scroll","background-type":"","background-media":"","overlay-type":"","overlay-color":"","overlay-opacity":"","overlay-gradient":""},"mobile":{"background-color":"","background-image":"","background-repeat":"repeat","background-position":"center center","background-size":"auto","background-attachment":"scroll","background-type":"","background-media":"","overlay-type":"","overlay-color":"","overlay-opacity":"","overlay-gradient":""}},"ast-content-background-meta":{"desktop":{"background-color":"var(--ast-global-color-5)","background-image":"","background-repeat":"repeat","background-position":"center center","background-size":"auto","background-attachment":"scroll","background-type":"","background-media":"","overlay-type":"","overlay-color":"","overlay-opacity":"","overlay-gradient":""},"tablet":{"background-color":"var(--ast-global-color-5)","background-image":"","background-repeat":"repeat","background-position":"center center","background-size":"auto","background-attachment":"scroll","background-type":"","background-media":"","overlay-type":"","overlay-color":"","overlay-opacity":"","overlay-gradient":""},"mobile":{"background-color":"var(--ast-global-color-5)","background-image":"","background-repeat":"repeat","background-position":"center center","background-size":"auto","background-attachment":"scroll","background-type":"","background-media":"","overlay-type":"","overlay-color":"","overlay-opacity":"","overlay-gradient":""}},"footnotes":""},"class_list":["post-139","page","type-page","status-publish","hentry"],"aioseo_notices":[],"uagb_featured_image_src":{"full":false,"thumbnail":false,"medium":false,"medium_large":false,"large":false,"1536x1536":false,"2048x2048":false,"trp-custom-language-flag":false},"uagb_author_info":{"display_name":"indimetricsco@gmail.com","author_link":"https:\/\/indimetrics.com\/es\/author\/indimetricscogmail-com\/"},"uagb_comment_info":0,"uagb_excerpt":"We&#8217;re to help If you are looking for the best website design, development, and marketing services to grow your business online, we are here to help. Our Core Values What Our Clients Say Let us together build a flourishing business When connected with us, you aren\u2019t growing your business alone. We have your back and&hellip;","_links":{"self":[{"href":"https:\/\/indimetrics.com\/es\/wp-json\/wp\/v2\/pages\/139","targetHints":{"allow":["GET"]}}],"collection":[{"href":"https:\/\/indimetrics.com\/es\/wp-json\/wp\/v2\/pages"}],"about":[{"href":"https:\/\/indimetrics.com\/es\/wp-json\/wp\/v2\/types\/page"}],"author":[{"embeddable":true,"href":"https:\/\/indimetrics.com\/es\/wp-json\/wp\/v2\/users\/1"}],"replies":[{"embeddable":true,"href":"https:\/\/indimetrics.com\/es\/wp-json\/wp\/v2\/comments?post=139"}],"version-history":[{"count":4,"href":"https:\/\/indimetrics.com\/es\/wp-json\/wp\/v2\/pages\/139\/revisions"}],"predecessor-version":[{"id":843,"href":"https:\/\/indimetrics.com\/es\/wp-json\/wp\/v2\/pages\/139\/revisions\/843"}],"wp:attachment":[{"href":"https:\/\/indimetrics.com\/es\/wp-json\/wp\/v2\/media?parent=139"}],"curies":[{"name":"wp","href":"https:\/\/api.w.org\/{rel}","templated":true}]}}